{"id":2271,"date":"2025-05-22T18:00:43","date_gmt":"2025-05-23T00:00:43","guid":{"rendered":"https:\/\/www.plenniaglobal.com\/co\/?page_id=2271"},"modified":"2025-05-22T18:05:55","modified_gmt":"2025-05-23T00:05:55","slug":"aviso-de-privacidad-e-informacion-privilegiada","status":"publish","type":"page","link":"https:\/\/www.plenniaglobal.com\/co\/aviso-de-privacidad-e-informacion-privilegiada\/","title":{"rendered":"Aviso de privacidad e informaci\u00f3n privilegiada"},"content":{"rendered":"\t\t<div data-elementor-type=\"wp-page\" data-elementor-id=\"2271\" class=\"elementor elementor-2271\" data-elementor-post-type=\"page\">\n\t\t\t\t<div class=\"aux-parallax-section elementor-element elementor-element-f603bcf e-flex e-con-boxed e-con e-parent\" data-id=\"f603bcf\" data-element_type=\"container\" data-e-type=\"container\">\n\t\t\t\t\t<div class=\"e-con-inner\">\n\t\t\t\t<div class=\"elementor-element elementor-element-b8fe1c7 elementor-widget elementor-widget-heading\" data-id=\"b8fe1c7\" data-element_type=\"widget\" data-e-type=\"widget\" data-widget_type=\"heading.default\">\n\t\t\t\t<div class=\"elementor-widget-container\">\n\t\t\t\t\t<h2 class=\"elementor-heading-title elementor-size-default\">AVISO DE PRIVACIDAD E INFORMACI\u00d3N PRIVILEGIADA<\/h2>\t\t\t\t<\/div>\n\t\t\t\t<\/div>\n\t\t\t\t<div class=\"elementor-element elementor-element-3d6ca8a elementor-widget elementor-widget-text-editor\" data-id=\"3d6ca8a\" data-element_type=\"widget\" data-e-type=\"widget\" data-widget_type=\"text-editor.default\">\n\t\t\t\t<div class=\"elementor-widget-container\">\n\t\t\t\t\t\t\t\t\t<p>Plennia mantiene un compromiso firme con la privacidad y hace todo lo posible por proteger la seguridad de los Empresarios y clientes que deseen hacer un negocio personal comercializando productos Plennia. Los datos personales del Empresario, incluyendo nombres, direcciones, correo electr\u00f3nico y n\u00fameros telef\u00f3nicos de otros Empresarios, se consideran informaci\u00f3n confidencial, propiedad de los Titulares, pero protegidos por Plennia con medidas f\u00edsicas, administrativas y tecnol\u00f3gicas que hemos implementado para garantizar as\u00ed, el correcto tratamiento de los Datos Personales que nos ha confiado.<\/p><p>Plennia nunca vender\u00e1 la informaci\u00f3n que solicita ni la usar\u00e1 para promover productos y servicios que no est\u00e9n relacionados con la Compa\u00f1\u00eda. Aunado a lo anterior, su informaci\u00f3n es tratada por Plennia con base en los principios de licitud, consentimiento, informaci\u00f3n, calidad, finalidad, lealtad, proporcionalidad y responsabilidad, con el objetivo que t\u00fa tengas la seguridad que en nuestra Empresa no utilizamos tus datos personales para finalidades que no hayan sido expresamente autorizadas por ti, as\u00ed como tambi\u00e9n garantizar su derecho a la autodeterminaci\u00f3n informativa, consistente.<\/p><p>Para saber cu\u00e1les ser\u00e1n las finalidades para las que utilizaremos tu informaci\u00f3n personal puedes consultar en cualquier momento nuestro Aviso de Privacidad a trav\u00e9s de nuestro sitio de internet www.Plenniaglobal.com. as\u00ed como tambi\u00e9n en cualquiera de nuestros Centros de Distribuci\u00f3n cuando acudas a visitarnos.<\/p><p>Es muy importante que recuerdes que proteger tus datos personales es una labor conjunta, por lo que Plennia te pide por favor nunca compartir tu contrase\u00f1a de Back office con terceros, as\u00ed como tambi\u00e9n actualizar constantemente o de manera peri\u00f3dica tu contrase\u00f1a. Recuerda que, con ello, ayudar\u00e1s significativamente a proteger la informaci\u00f3n personal que se encuentra en tu Back office.<\/p><p>Los Empresarios se comprometen a no revelar dicha informaci\u00f3n a terceros ni utilizar dicha informaci\u00f3n para fines que no tengan que ver con Compa\u00f1\u00eda o para competir con la Compa\u00f1\u00eda. El Empresario reconoce que dicha informaci\u00f3n confidencial es de car\u00e1cter \u00fanico y que la divulgaci\u00f3n o uso de esta es una violaci\u00f3n de esta disposici\u00f3n dar\u00e1 lugar a un da\u00f1o irreparable a la Compa\u00f1\u00eda y al negocio personal de los Empresarios.<\/p><p>Por solicitud de Plennia, cualquier Empresario actual o anterior devolver\u00e1 a la Compa\u00f1\u00eda la informaci\u00f3n confidencial en original que haya recibido, as\u00ed como todas las copias de esta.<\/p><p>Plennia y sus Empresarios tendr\u00e1n derecho a observar medidas precautorias para prevenir la violaci\u00f3n de esta pol\u00edtica.<\/p><p>Cada Empresario debe notificar inmediatamente a Plennia de todos los cambios en la informaci\u00f3n contenida en su Aplicaci\u00f3n y Acuerdo de Empresario. Los Empresarios pueden modificar su Formulario de Acuerdo de Empresario existente presentando una solicitud ARCO y documentaci\u00f3n apropiada como respaldo.<\/p><p>14.1 \u2013 Informes de Actividad de mi l\u00ednea descendente \u201cdownline\u201d (Genealog\u00eda)<\/p><p>Los informes de actividad de la l\u00ednea descendente que est\u00e1n disponibles para el acceso y la visualizaci\u00f3n del Empresario a trav\u00e9s del sitio web oficial de Plennia se consideran confidenciales. El acceso al Empresario a sus informes de actividad de l\u00ednea descendente est\u00e1 protegido por contrase\u00f1a. Todos los informes de actividad de Downline y la informaci\u00f3n contenida en los mismos son confidenciales y constituyen informaci\u00f3n de propiedad y secretos comerciales que pertenecen a Plennia. Los informes de actividad dowline se proporcionan a los Empresarios con la mayor confianza y se ponen a disposici\u00f3n de los Empresarios con el \u00fanico prop\u00f3sito de ayudar a los Empresarios a trabajar con sus respectivas organizaciones de l\u00ednea descendente en el desarrollo de su negocio de Plennia.<\/p><p>Los Empresarios deben usar sus Informes de Actividad Downline paraayudar, motivar y entrenar asus Empresarios de l\u00ednea descendente. El Empresario y Plennia est\u00e1n de acuerdo en que, si no fuera por este acuerdo de confidencialidad y no divulgaci\u00f3n, Plennia no proporcionar\u00eda informes de actividad de l\u00ednea descendente al Empresario. Un Empresario no deber\u00e1, en su propio nombre, o en nombre de cualquier otra persona, sociedad, asociaci\u00f3n, corporaci\u00f3n u otra entidad:<\/p><ul><li>Divulgar directa o indirectamente cualquier informaci\u00f3n contenida en cualquier Informe de Actividad de L\u00ednea Descendente a terceros;<\/li><\/ul><ul><li>Divulgar directa o indirectamente la contrase\u00f1a u otro c\u00f3digo de acceso a su Informe de Actividad de L\u00ednea Descendente;<\/li><\/ul><ul><li>Utilizar la informaci\u00f3n para competir con Plennia o para cualquier otro prop\u00f3sito que no sea la promoci\u00f3n de su negocio Plennia;<\/li><\/ul><ul><li>Reclutar o solicitar a cualquier Empresario o Cliente de Plennia registrado en cualquier informe o intentar de alguna manera influir o inducir a cualquier Empresario o cliente de Plennia a alterar su relaci\u00f3n comercial con Plennia;<\/li><\/ul><ul><li>Usar o divulgar a cualquier persona, sociedad, asociaci\u00f3n, corporaci\u00f3n u otra entidad cualquier informaci\u00f3n contenida en cualquier Informe de Actividad De L\u00ednea Descendente.<\/li><\/ul><ul><li>A petici\u00f3n de la Compa\u00f1\u00eda, cualquier Empresario actual o anterior devolver\u00e1 el original y todas las copias de los Informes de Actividad de Downline a la Compa\u00f1\u00eda.<\/li><\/ul>\t\t\t\t\t\t\t\t<\/div>\n\t\t\t\t<\/div>\n\t\t\t\t\t<\/div>\n\t\t\t\t<\/div>\n\t\t\t\t<\/div>\n\t\t","protected":false},"excerpt":{"rendered":"<p>AVISO DE PRIVACIDAD E INFORMACI\u00d3N PRIVILEGIADA Plennia mantiene un compromiso firme con la privacidad y hace todo lo posible por proteger la seguridad de los Empresarios y clientes que deseen hacer un negocio personal comercializando productos Plennia. Los datos personales del Empresario, incluyendo nombres, direcciones, correo electr\u00f3nico y n\u00fameros telef\u00f3nicos de otros Empresarios, se consideran [&hellip;]<\/p>\n","protected":false},"author":1,"featured_media":0,"parent":0,"menu_order":0,"comment_status":"closed","ping_status":"closed","template":"","meta":{"_joinchat":[],"footnotes":""},"class_list":["post-2271","page","type-page","status-publish","hentry"],"_links":{"self":[{"href":"https:\/\/www.plenniaglobal.com\/co\/wp-json\/wp\/v2\/pages\/2271","targetHints":{"allow":["GET"]}}],"collection":[{"href":"https:\/\/www.plenniaglobal.com\/co\/wp-json\/wp\/v2\/pages"}],"about":[{"href":"https:\/\/www.plenniaglobal.com\/co\/wp-json\/wp\/v2\/types\/page"}],"author":[{"embeddable":true,"href":"https:\/\/www.plenniaglobal.com\/co\/wp-json\/wp\/v2\/users\/1"}],"replies":[{"embeddable":true,"href":"https:\/\/www.plenniaglobal.com\/co\/wp-json\/wp\/v2\/comments?post=2271"}],"version-history":[{"count":15,"href":"https:\/\/www.plenniaglobal.com\/co\/wp-json\/wp\/v2\/pages\/2271\/revisions"}],"predecessor-version":[{"id":2286,"href":"https:\/\/www.plenniaglobal.com\/co\/wp-json\/wp\/v2\/pages\/2271\/revisions\/2286"}],"wp:attachment":[{"href":"https:\/\/www.plenniaglobal.com\/co\/wp-json\/wp\/v2\/media?parent=2271"}],"curies":[{"name":"wp","href":"https:\/\/api.w.org\/{rel}","templated":true}]}}